{"id":11,"date":"2025-03-24T12:31:24","date_gmt":"2025-03-24T12:31:24","guid":{"rendered":"https:\/\/gromatic.hr\/novi\/?page_id=11"},"modified":"2025-10-08T09:02:19","modified_gmt":"2025-10-08T09:02:19","slug":"11-2","status":"publish","type":"page","link":"https:\/\/gromatic.hr\/","title":{"rendered":"Naslovna"},"content":{"rendered":"\n[et_pb_section fb_built=&#8221;1&#8243; fullwidth=&#8221;on&#8221; disabled_on=&#8221;off|off|off&#8221; _builder_version=&#8221;4.27.4&#8243; _module_preset=&#8221;default&#8221; global_colors_info=&#8221;{}&#8221;][et_pb_fullwidth_header title=&#8221;Gromatic KR&#8221; subhead=&#8221;POVJERENJE I KVALITETA&#8221; header_fullscreen=&#8221;on&#8221; header_scroll_down=&#8221;on&#8221; scroll_down_icon_color=&#8221;#ed1846&#8243; button_one_text=&#8221;O tvrtki&#8221; button_one_url=&#8221;https:\/\/gromatic.hr\/index.php\/o-tvrtki\/&#8221; subhead_tablet=&#8221;POVJERENJE I KVALITETA&#8221; subhead_phone=&#8221;POVJERENJE I KVALITETA&#8221; subhead_last_edited=&#8221;on|tablet&#8221; scroll_down_icon_size_tablet=&#8221;45px&#8221; scroll_down_icon_size_phone=&#8221;40px&#8221; scroll_down_icon_size_last_edited=&#8221;on|phone&#8221; button_one_text_tablet=&#8221;O tvrtki&#8221; button_one_text_phone=&#8221;O tvrtki&#8221; button_one_text_last_edited=&#8221;on|phone&#8221; background_overlay_color_tablet=&#8221;&#8221; background_overlay_color_phone=&#8221;&#8221; background_overlay_color_last_edited=&#8221;on|phone&#8221; disabled_on=&#8221;off|off|off&#8221; _builder_version=&#8221;4.27.4&#8243; _module_preset=&#8221;default&#8221; title_font=&#8221;||||||||&#8221; title_text_color=&#8221;#474747&#8243; title_font_size=&#8221;50px&#8221; title_line_height=&#8221;1.2em&#8221; subhead_font=&#8221;|300|||||||&#8221; subhead_text_color=&#8221;#474747&#8243; subhead_font_size=&#8221;28px&#8221; subhead_letter_spacing=&#8221;4px&#8221; subhead_line_height=&#8221;1.2em&#8221; background_enable_color=&#8221;off&#8221; background_image=&#8221;https:\/\/gromatic.hr\/wp-content\/uploads\/2025\/04\/geod1.webp&#8221; background_position=&#8221;bottom_center&#8221; background_vertical_offset=&#8221;23%&#8221; custom_button_one=&#8221;on&#8221; button_one_text_size=&#8221;18px&#8221; button_one_text_color=&#8221;#ed1846&#8243; button_one_icon=&#8221;&#x3d;||divi||400&#8243; title_font_tablet=&#8221;||||||||&#8221; title_font_phone=&#8221;||||||||&#8221; title_font_last_edited=&#8221;on|tablet&#8221; title_text_color_tablet=&#8221;#474747&#8243; title_text_color_phone=&#8221;#474747&#8243; title_text_color_last_edited=&#8221;on|phone&#8221; title_font_size_tablet=&#8221;30px&#8221; title_font_size_phone=&#8221;28px&#8221; title_font_size_last_edited=&#8221;on|phone&#8221; content_font_tablet=&#8221;&#8221; content_font_phone=&#8221;&#8221; content_font_last_edited=&#8221;on|phone&#8221; subhead_font_size_tablet=&#8221;20px&#8221; subhead_font_size_phone=&#8221;20px&#8221; subhead_font_size_last_edited=&#8221;on|phone&#8221; subhead_letter_spacing_tablet=&#8221;4px&#8221; subhead_letter_spacing_phone=&#8221;4px&#8221; subhead_letter_spacing_last_edited=&#8221;on|phone&#8221; background_last_edited=&#8221;on|tablet&#8221; background_image_tablet=&#8221;https:\/\/gromatic.hr\/wp-content\/uploads\/2025\/04\/headM.webp&#8221; background_enable_image_tablet=&#8221;on&#8221; button_one_text_size_tablet=&#8221;15px&#8221; button_one_text_size_phone=&#8221;15px&#8221; button_one_text_size_last_edited=&#8221;on|desktop&#8221; global_colors_info=&#8221;{}&#8221;][\/et_pb_fullwidth_header][\/et_pb_section][et_pb_section fb_built=&#8221;1&#8243; _builder_version=&#8221;4.27.4&#8243; _module_preset=&#8221;default&#8221; custom_margin=&#8221;-15px||0px||false|false&#8221; global_colors_info=&#8221;{}&#8221;][et_pb_row use_custom_gutter=&#8221;on&#8221; gutter_width=&#8221;1&#8243; _builder_version=&#8221;4.27.4&#8243; _module_preset=&#8221;default&#8221; max_width=&#8221;100%&#8221; global_colors_info=&#8221;{}&#8221;][et_pb_column type=&#8221;4_4&#8243; _builder_version=&#8221;4.27.4&#8243; _module_preset=&#8221;default&#8221; global_colors_info=&#8221;{}&#8221;][et_pb_accordion open_toggle_text_color=&#8221;#474747&#8243; icon_color=&#8221;#ed1846&#8243; _builder_version=&#8221;4.27.4&#8243; _module_preset=&#8221;default&#8221; toggle_font=&#8221;|600|||||||&#8221; global_colors_info=&#8221;{}&#8221;][et_pb_accordion_item title=&#8221;Postojimo od 2009.&#8221; _builder_version=&#8221;4.27.4&#8243; _module_preset=&#8221;default&#8221; global_colors_info=&#8221;{}&#8221; open=&#8221;off&#8221;]<p><span>GROMATIC KR d.o.o. je hrvatska tvrtka usmjerena na pru\u017eanje geodetsko-katastarskih i projektantskih usluga na podru\u010dju cijele Republike Hrvatske. Tijekom godina rada i iskustva, razvili smo cjelovitu uslugu savjetovanja i analize, izrade elaborata i projekata te obavljanja svih tipova terenskih radova.<\/span><\/p>[\/et_pb_accordion_item][et_pb_accordion_item title=&#8221;Neprekidno usvajanje novih tehnologija&#8221; open=&#8221;on&#8221; _builder_version=&#8221;4.27.4&#8243; _module_preset=&#8221;default&#8221; global_colors_info=&#8221;{}&#8221;]<p><span>Neprekidno razvijamo nova programska rje\u0161enja i pratimo novosti u geodeziji i geoinformatici te tehnolo\u0161kom i poslovnom svijetu, kako bismo Vam pru\u017eili optimalan proizvod u skladu sa svim pravilima, zakonima i normama uz konkurentne cijene.\u00a0<\/span><\/p>[\/et_pb_accordion_item][et_pb_accordion_item title=&#8221;Kvaliteta prepoznata diljem RH&#8221; _builder_version=&#8221;4.27.4&#8243; _module_preset=&#8221;default&#8221; global_colors_info=&#8221;{}&#8221; open=&#8221;off&#8221;]<div class=\"et_pb_text_inner\">\n<div data-shortcode-id=\"3.0.0.0-1742990728868\" data-quickaccess-editable=\"yes\" class=\"et-fb-popover-tinymce\">\n<div class=\"mce-content-body\" contenteditable=\"true\" style=\"position: relative;\">\n<p><span>Va\u0161e zadovoljstvo na\u0161im radom najve\u0107a nam je preporuka, ali i motivacija za pro\u0161irivanje mogu\u0107nosti i usluga, kako novim tehnologijama, tako i specijalizacijom na\u0161eg tima. <\/span><span>Obratite nam se s punim povjerenjem, a mi \u0107emo se pobrinuti da Va\u0161 projekt odradimo profesionalno i kvalitetno!<\/span><\/p>\n<\/div>\n<\/div>\n<\/div>[\/et_pb_accordion_item][\/et_pb_accordion][\/et_pb_column][\/et_pb_row][\/et_pb_section][et_pb_section fb_built=&#8221;1&#8243; fullwidth=&#8221;on&#8221; _builder_version=&#8221;4.27.4&#8243; _module_preset=&#8221;default&#8221; global_colors_info=&#8221;{}&#8221;][\/et_pb_section][et_pb_section fb_built=&#8221;1&#8243; _builder_version=&#8221;4.27.4&#8243; _module_preset=&#8221;default&#8221; width=&#8221;100%&#8221; custom_margin=&#8221;-70px||||false|false&#8221; global_colors_info=&#8221;{}&#8221;][et_pb_row column_structure=&#8221;1_3,1_3,1_3&#8243; use_custom_gutter=&#8221;on&#8221; gutter_width=&#8221;2&#8243; make_equal=&#8221;on&#8221; _builder_version=&#8221;4.27.4&#8243; _module_preset=&#8221;default&#8221; width=&#8221;85%&#8221; width_tablet=&#8221;85%&#8221; width_phone=&#8221;85%&#8221; width_last_edited=&#8221;on|tablet&#8221; max_width=&#8221;100%&#8221; global_colors_info=&#8221;{}&#8221;][et_pb_column type=&#8221;1_3&#8243; _builder_version=&#8221;4.27.4&#8243; _module_preset=&#8221;default&#8221; custom_padding_tablet=&#8221;&#8221; custom_padding_phone=&#8221;0px||25px||false|false&#8221; custom_padding_last_edited=&#8221;on|phone&#8221; global_colors_info=&#8221;{}&#8221;][et_pb_blurb title=&#8221;Geodetsko katarstarske usluge&#8221; image=&#8221;https:\/\/gromatic.hr\/wp-content\/uploads\/2025\/04\/stationOK.webp&#8221; content_max_width=&#8221;100%&#8221; _builder_version=&#8221;4.27.4&#8243; _module_preset=&#8221;default&#8221; header_font=&#8221;|600|||||||&#8221; width=&#8221;100%&#8221; max_width=&#8221;100%&#8221; border_radii_image=&#8221;off|10px|10px||&#8221; border_radii_image_tablet=&#8221;off|10px|10px||&#8221; border_radii_image_phone=&#8221;off|10px|10px||&#8221; border_radii_image_last_edited=&#8221;on|desktop&#8221; box_shadow_style_image=&#8221;preset3&#8243; global_colors_info=&#8221;{}&#8221;]<p><span>Va\u0161e katastarske \u010destice, jednako kao i Va\u0161e gra\u0111evine, infrastruktura i ostali projekti razlikuju se oblikom, veli\u010dinom, pristupa\u010dno\u0161\u0107u, polo\u017eajem te mnogim drugim, u geodetskoj struci va\u017enim, faktorima.<\/span><br \/><span>Geodetske usluge zahtijevaju odgovaraju\u0107u dokumentaciju, radove i elaborate, a dugogodi\u0161nje iskustvo, profesionalnost i rad na zna\u010dajnim projektima osnovna su nam preporuka kako biste za svoje projekte odabrali upravo nas.<\/span><\/p>[\/et_pb_blurb][\/et_pb_column][et_pb_column type=&#8221;1_3&#8243; _builder_version=&#8221;4.27.4&#8243; _module_preset=&#8221;default&#8221; custom_padding_tablet=&#8221;&#8221; custom_padding_phone=&#8221;||25px||false|false&#8221; custom_padding_last_edited=&#8221;on|phone&#8221; global_colors_info=&#8221;{}&#8221;][et_pb_blurb title=&#8221;Projektantske usluge&#8221; image=&#8221;https:\/\/gromatic.hr\/wp-content\/uploads\/2025\/04\/projectOK.webp&#8221; content_max_width=&#8221;100%&#8221; _builder_version=&#8221;4.27.4&#8243; _module_preset=&#8221;default&#8221; header_font=&#8221;|600|||||||&#8221; background_enable_image=&#8221;off&#8221; width=&#8221;100%&#8221; max_width=&#8221;100%&#8221; border_radii_image=&#8221;off|10px|10px||&#8221; box_shadow_style_image=&#8221;preset3&#8243; global_colors_info=&#8221;{}&#8221;]<p><span>Osnovu svakog projekta predstavlja zemlji\u0161te\/teren na kojem se izvode gra\u0111evinski radovi, postavljanje infrastrukture ili drugo. Geodetski projektant dio je slo\u017eene strukture stru\u010dnjaka koji sudjeluju u uspje\u0161nom planiranju i izvodenju takvih projekata i radova.<\/span><br \/><span>Terenskom izmjerom i izradom situacije Va\u0161eg zemlji\u0161ta, njegovim visinskim i polo\u017eajnim prikazom na geodetskoj podlozi ili geodetskom projektu dobiva se kvalitetna osnova za daljnji razvoj Va\u0161eg projekta.<\/span><\/p>[\/et_pb_blurb][\/et_pb_column][et_pb_column type=&#8221;1_3&#8243; _builder_version=&#8221;4.27.4&#8243; _module_preset=&#8221;default&#8221; global_colors_info=&#8221;{}&#8221;][et_pb_blurb title=&#8221;Snimanje iz zraka i WebGIS&#8221; image=&#8221;https:\/\/gromatic.hr\/wp-content\/uploads\/2025\/04\/drone1.webp&#8221; content_max_width=&#8221;100%&#8221; _builder_version=&#8221;4.27.4&#8243; _module_preset=&#8221;default&#8221; header_font=&#8221;|600|||||||&#8221; width=&#8221;100%&#8221; max_width=&#8221;100%&#8221; border_radii_image=&#8221;off|10px|10px||&#8221; box_shadow_style_image=&#8221;preset3&#8243; global_colors_info=&#8221;{}&#8221;]<p><span>Kako bismo dr\u017eali korak s napretkom tehnologije i razvojem geoinformatike, tvrtka posjeduje bespilotnu letjelicu. Snimke prikupljene zra\u010dnim snimanjem primjenjive su u razli\u010dite svrhe &#8211; jedna od zna\u010dajnijih u dana\u0161nje vrijeme je uklapanje u geoinformacijske sustave na webu (Web GIS). Web GIS predstavlja sjedinjenje weba i prostornih informacija, a jedan od njegovih ciljeva je pribli\u017eavanje korisnika okoli\u0161u u kojem \u017eivi.<\/span><\/p>[\/et_pb_blurb][\/et_pb_column][\/et_pb_row][\/et_pb_section]\n","protected":false},"excerpt":{"rendered":"<p>GROMATIC KR d.o.o. je hrvatska tvrtka usmjerena na pru\u017eanje geodetsko-katastarskih i projektantskih usluga na podru\u010dju cijele Republike Hrvatske. Tijekom godina rada i iskustva, razvili smo cjelovitu uslugu savjetovanja i analize, izrade elaborata i projekata te obavljanja svih tipova terenskih radova.Neprekidno razvijamo nova programska rje\u0161enja i pratimo novosti u geodeziji i geoinformatici te tehnolo\u0161kom i poslovnom [&hellip;]<\/p>\n","protected":false},"author":1,"featured_media":0,"parent":0,"menu_order":0,"comment_status":"closed","ping_status":"closed","template":"","meta":{"_et_pb_use_builder":"on","_et_pb_old_content":"","_et_gb_content_width":"1080","om_disable_all_campaigns":false,"_monsterinsights_skip_tracking":false,"_monsterinsights_sitenote_active":false,"_monsterinsights_sitenote_note":"","_monsterinsights_sitenote_category":0,"footnotes":""},"class_list":["post-11","page","type-page","status-publish","hentry"],"aioseo_notices":[],"_links":{"self":[{"href":"https:\/\/gromatic.hr\/index.php\/wp-json\/wp\/v2\/pages\/11","targetHints":{"allow":["GET"]}}],"collection":[{"href":"https:\/\/gromatic.hr\/index.php\/wp-json\/wp\/v2\/pages"}],"about":[{"href":"https:\/\/gromatic.hr\/index.php\/wp-json\/wp\/v2\/types\/page"}],"author":[{"embeddable":true,"href":"https:\/\/gromatic.hr\/index.php\/wp-json\/wp\/v2\/users\/1"}],"replies":[{"embeddable":true,"href":"https:\/\/gromatic.hr\/index.php\/wp-json\/wp\/v2\/comments?post=11"}],"version-history":[{"count":66,"href":"https:\/\/gromatic.hr\/index.php\/wp-json\/wp\/v2\/pages\/11\/revisions"}],"predecessor-version":[{"id":576,"href":"https:\/\/gromatic.hr\/index.php\/wp-json\/wp\/v2\/pages\/11\/revisions\/576"}],"wp:attachment":[{"href":"https:\/\/gromatic.hr\/index.php\/wp-json\/wp\/v2\/media?parent=11"}],"curies":[{"name":"wp","href":"https:\/\/api.w.org\/{rel}","templated":true}]}}