{"id":293,"date":"2025-03-27T11:43:08","date_gmt":"2025-03-27T11:43:08","guid":{"rendered":"https:\/\/gromatic.hr\/novi\/?page_id=293"},"modified":"2025-04-02T10:07:10","modified_gmt":"2025-04-02T10:07:10","slug":"o-tvrtki","status":"publish","type":"page","link":"https:\/\/gromatic.hr\/index.php\/o-tvrtki\/","title":{"rendered":"O tvrtki"},"content":{"rendered":"<p>[et_pb_section fb_built=&#8221;1&#8243; _builder_version=&#8221;4.27.4&#8243; _module_preset=&#8221;default&#8221; global_colors_info=&#8221;{}&#8221;][et_pb_row _builder_version=&#8221;4.27.4&#8243; _module_preset=&#8221;default&#8221; animation_style=&#8221;slide&#8221; animation_direction=&#8221;bottom&#8221; animation_speed_curve=&#8221;ease-out&#8221; global_colors_info=&#8221;{}&#8221;][et_pb_column type=&#8221;4_4&#8243; _builder_version=&#8221;4.27.4&#8243; _module_preset=&#8221;default&#8221; global_colors_info=&#8221;{}&#8221;][et_pb_text _builder_version=&#8221;4.27.4&#8243; _module_preset=&#8221;default&#8221; text_text_color=&#8221;#474747&#8243; header_text_color=&#8221;#474747&#8243; header_3_text_color=&#8221;#474747&#8243; hover_enabled=&#8221;0&#8243; global_colors_info=&#8221;{}&#8221; sticky_enabled=&#8221;0&#8243;]<\/p>\n<h2><strong>O tvrtki<\/strong><\/h2>\n<p>GROMATIC KR d.o.o. osnovana je 2009. godine sa sjedi\u0161tem u Zlatar Bistrici te poslovnicom u \u0160ibeniku. Kontinuirano pokrivamo podru\u010dje \u010ditave Republike Hrvatske, zbog \u010dega smo pristupa\u010dni klijentima neovisno o lokaciji njihovih nekretnina i projekata.<\/p>\n<p>[\/et_pb_text][\/et_pb_column][\/et_pb_row][et_pb_row _builder_version=&#8221;4.27.4&#8243; _module_preset=&#8221;default&#8221; custom_margin=&#8221;-15px||-15px||true|false&#8221; hover_enabled=&#8221;0&#8243; sticky_enabled=&#8221;0&#8243;][et_pb_column _builder_version=&#8221;4.27.4&#8243; _module_preset=&#8221;default&#8221; type=&#8221;4_4&#8243;][et_pb_divider _builder_version=&#8221;4.27.4&#8243; _module_preset=&#8221;default&#8221; color=&#8221;#ed1846&#8243; hover_enabled=&#8221;0&#8243; sticky_enabled=&#8221;0&#8243;][\/et_pb_divider][\/et_pb_column][\/et_pb_row][et_pb_row column_structure=&#8221;1_2,1_2&#8243; _builder_version=&#8221;4.27.4&#8243; _module_preset=&#8221;default&#8221; custom_margin=&#8221;-5px||||false|false&#8221; animation_style=&#8221;slide&#8221; animation_direction=&#8221;bottom&#8221; animation_speed_curve=&#8221;ease-out&#8221; global_colors_info=&#8221;{}&#8221;][et_pb_column type=&#8221;1_2&#8243; _builder_version=&#8221;4.27.4&#8243; _module_preset=&#8221;default&#8221; hover_enabled=&#8221;0&#8243; global_colors_info=&#8221;{}&#8221; sticky_enabled=&#8221;0&#8243;][et_pb_text _builder_version=&#8221;4.27.4&#8243; _module_preset=&#8221;default&#8221; header_3_text_color=&#8221;#474747&#8243; hover_enabled=&#8221;0&#8243; global_colors_info=&#8221;{}&#8221; sticky_enabled=&#8221;0&#8243;]<\/p>\n<h3><strong>Na\u0161 tim<\/strong><\/h3>\n<p>Zaposlenici na\u0161e tvrtke predstavljaju tim iskusnih profesionalaca koji dijele iste vrijednosti i strasti. Objedinjuju znanje ste\u010deno \u0161kolovanjem u pojedinim podru\u010djima, prikupljenim iskustvima kroz rad na zna\u010dajnim geodetskim projektima te suradnjom s priznatim partnerima, \u0161to im daje zna\u010dajan ugled na tr\u017ei\u0161tu.<\/p>\n<p>Trenutno zaposleni in\u017eenjeri razli\u010ditih polja tehni\u010dkih znanosti \u2013 geodezije, geoinformatike, gra\u0111evinarstva i informatike specijalizirani su za rad na pojedinim tipovima projekata \u0161to omogu\u0107uje maksimalno razumijevanje problematike i Va\u0161ih potreba, a time i izradu kvalitetnog zavr\u0161nog proizvoda.<\/p>\n<p>Tvrtka je profesionalno opremljena za obavljanje svih geodetskih radova, pra\u0107enjem razvoja novih tehnologija, programskih rje\u0161enja i modernog poslovanja kako bismo ponudili visoku kvalitetu te optimalne rokove dovr\u0161etka poslova uz povoljnu cijenu. Posjedujemo potrebna ovla\u0161tenja Dr\u017eavne geodetske uprave i \u010dlanstvo Hrvatske komore ovla\u0161tenih in\u017eenjera geodezije.<\/p>\n<p>Tvrtka trenutno zapo\u0161ljava 6 diplomiranih in\u017eenjera geodezije (magistara geodezije i geionformatike), te 10-ak informati\u010dara, tehni\u010dara i pomo\u0107nog osoblja.<\/p>\n<p>[\/et_pb_text][\/et_pb_column][et_pb_column type=&#8221;1_2&#8243; _builder_version=&#8221;4.27.4&#8243; _module_preset=&#8221;default&#8221; global_colors_info=&#8221;{}&#8221;][et_pb_image src=&#8221;https:\/\/gromatic.hr\/novi\/wp-content\/uploads\/2025\/03\/deal_happy1.jpg&#8221; title_text=&#8221;deal_happy1&#8243; _builder_version=&#8221;4.27.4&#8243; _module_preset=&#8221;default&#8221; custom_margin=&#8221;-10px||||false|false&#8221; global_colors_info=&#8221;{}&#8221;][\/et_pb_image][et_pb_text _builder_version=&#8221;4.27.4&#8243; _module_preset=&#8221;default&#8221; header_3_text_color=&#8221;#474747&#8243; global_colors_info=&#8221;{}&#8221;]<\/p>\n<h3><strong>Ugovaranje projekata<\/strong><\/h3>\n<p>Kako bismo Vam ostali pristupa\u010dni, radove, rokove i cijene dogovaramo uvidom u stanje na terenu te dokumentaciju. Prije ugovora, definiramo sve potrebno za izradu pojedinog elaborata ili izvo\u0111enje projekta, kao i optimalne rokove izvedbe.<\/p>\n<p>Transparentnost smatramo izrazito va\u017enom u poslovanju jer osigurava zadovoljstvo klijenta i potencijalnu ponovnu suradnju, a informiranje klijenata poma\u017ee nam u rje\u0161avanju svih Va\u0161ih nedoumica te odr\u017eavanju pozitivnih poslovnih odnosa.<\/p>\n<p>[\/et_pb_text][\/et_pb_column][\/et_pb_row][\/et_pb_section]<\/p>\n","protected":false},"excerpt":{"rendered":"<p>O tvrtki GROMATIC KR d.o.o. osnovana je 2009. godine sa sjedi\u0161tem u Zlatar Bistrici te poslovnicom u \u0160ibeniku. Kontinuirano pokrivamo podru\u010dje \u010ditave Republike Hrvatske, zbog \u010dega smo pristupa\u010dni klijentima neovisno o lokaciji njihovih nekretnina i projekata.Na\u0161 tim Zaposlenici na\u0161e tvrtke predstavljaju tim iskusnih profesionalaca koji dijele iste vrijednosti i strasti. Objedinjuju znanje ste\u010deno \u0161kolovanjem u [&hellip;]<\/p>\n","protected":false},"author":1,"featured_media":0,"parent":0,"menu_order":0,"comment_status":"closed","ping_status":"closed","template":"","meta":{"_et_pb_use_builder":"on","_et_pb_old_content":"<!-- wp:divi\/placeholder \/-->","_et_gb_content_width":"","om_disable_all_campaigns":false,"_monsterinsights_skip_tracking":false,"_monsterinsights_sitenote_active":false,"_monsterinsights_sitenote_note":"","_monsterinsights_sitenote_category":0,"footnotes":""},"class_list":["post-293","page","type-page","status-publish","hentry"],"aioseo_notices":[],"_links":{"self":[{"href":"https:\/\/gromatic.hr\/index.php\/wp-json\/wp\/v2\/pages\/293","targetHints":{"allow":["GET"]}}],"collection":[{"href":"https:\/\/gromatic.hr\/index.php\/wp-json\/wp\/v2\/pages"}],"about":[{"href":"https:\/\/gromatic.hr\/index.php\/wp-json\/wp\/v2\/types\/page"}],"author":[{"embeddable":true,"href":"https:\/\/gromatic.hr\/index.php\/wp-json\/wp\/v2\/users\/1"}],"replies":[{"embeddable":true,"href":"https:\/\/gromatic.hr\/index.php\/wp-json\/wp\/v2\/comments?post=293"}],"version-history":[{"count":10,"href":"https:\/\/gromatic.hr\/index.php\/wp-json\/wp\/v2\/pages\/293\/revisions"}],"predecessor-version":[{"id":530,"href":"https:\/\/gromatic.hr\/index.php\/wp-json\/wp\/v2\/pages\/293\/revisions\/530"}],"wp:attachment":[{"href":"https:\/\/gromatic.hr\/index.php\/wp-json\/wp\/v2\/media?parent=293"}],"curies":[{"name":"wp","href":"https:\/\/api.w.org\/{rel}","templated":true}]}}