{"id":324,"date":"2025-03-28T09:06:08","date_gmt":"2025-03-28T09:06:08","guid":{"rendered":"https:\/\/gromatic.hr\/novi\/?page_id=324"},"modified":"2025-04-02T10:45:13","modified_gmt":"2025-04-02T10:45:13","slug":"legalizacija-objekta","status":"publish","type":"page","link":"https:\/\/gromatic.hr\/index.php\/legalizacija-objekta\/","title":{"rendered":"Legalizacija objekta"},"content":{"rendered":"<p>[et_pb_section fb_built=&#8221;1&#8243; _builder_version=&#8221;4.27.4&#8243; _module_preset=&#8221;default&#8221; global_colors_info=&#8221;{}&#8221;][et_pb_row use_custom_gutter=&#8221;on&#8221; gutter_width=&#8221;2&#8243; make_equal=&#8221;on&#8221; _builder_version=&#8221;4.27.4&#8243; _module_preset=&#8221;default&#8221; width=&#8221;65%&#8221; max_width=&#8221;100%&#8221; global_colors_info=&#8221;{}&#8221;][et_pb_column type=&#8221;4_4&#8243; _builder_version=&#8221;4.27.4&#8243; _module_preset=&#8221;default&#8221; global_colors_info=&#8221;{}&#8221;][et_pb_text _builder_version=&#8221;4.27.4&#8243; _module_preset=&#8221;default&#8221; header_2_font=&#8221;||||||||&#8221; global_colors_info=&#8221;{}&#8221;]<\/p>\n<h2>Legalizacija objekta<\/h2>\n<p>Sukladno Pravilniku o katastru infrastrukture, odgovornost vlasnika i upravitelja infrastrukture je, izme\u0111u ostalog, osigurati geodetsku izmjeru polo\u017eajnih i visinskih to\u010daka infrastrukture tokom gradnje. Rezultat takve izmjere je geodetski elaborat infrastrukture, izra\u0111en u svrhu osnivanja i vo\u0111enja jedinstvenog nacionalnog katastra infrastrukture. Katastar infrastrukture obuhva\u0107a vodove i pripadaju\u0107e objekte elektroenergetske, elektroni\u010dke komunikacijske, toplovodne, plinovodne, naftovodne, vodovodne i odvodne infrastrukture.<br \/>Gromatic KR d.o.o. se, zahvaljuju\u0107i vi\u0161egodi\u0161njoj suradnji s partnerima, upraviteljima raznolikih infrastruktura, smatra visoko kompetentnim za geodetsku izmjeru i izradu geodetskih elaborata infrastrukture, neovisno o opsegu i slo\u017eenosti radova.<\/p>\n<p>[\/et_pb_text][\/et_pb_column][\/et_pb_row][et_pb_row _builder_version=&#8221;4.27.4&#8243; _module_preset=&#8221;default&#8221; global_colors_info=&#8221;{}&#8221;][et_pb_column type=&#8221;4_4&#8243; _builder_version=&#8221;4.27.4&#8243; _module_preset=&#8221;default&#8221; global_colors_info=&#8221;{}&#8221;][et_pb_image src=&#8221;https:\/\/gromatic.hr\/wp-content\/uploads\/2025\/04\/LEGALIZACIJA_ORTOFOTO.webp&#8221; _builder_version=&#8221;4.27.4&#8243; _module_preset=&#8221;default&#8221; hover_enabled=&#8221;0&#8243; global_colors_info=&#8221;{}&#8221; title_text=&#8221;LEGALIZACIJA_ORTOFOTO&#8221; sticky_enabled=&#8221;0&#8243;][\/et_pb_image][\/et_pb_column][\/et_pb_row][\/et_pb_section]<\/p>\n","protected":false},"excerpt":{"rendered":"<p>Legalizacija objekta Sukladno Pravilniku o katastru infrastrukture, odgovornost vlasnika i upravitelja infrastrukture je, izme\u0111u ostalog, osigurati geodetsku izmjeru polo\u017eajnih i visinskih to\u010daka infrastrukture tokom gradnje. Rezultat takve izmjere je geodetski elaborat infrastrukture, izra\u0111en u svrhu osnivanja i vo\u0111enja jedinstvenog nacionalnog katastra infrastrukture. Katastar infrastrukture obuhva\u0107a vodove i pripadaju\u0107e objekte elektroenergetske, elektroni\u010dke komunikacijske, toplovodne, plinovodne, naftovodne, [&hellip;]<\/p>\n","protected":false},"author":1,"featured_media":0,"parent":0,"menu_order":0,"comment_status":"closed","ping_status":"closed","template":"","meta":{"_et_pb_use_builder":"on","_et_pb_old_content":"","_et_gb_content_width":"","om_disable_all_campaigns":false,"_monsterinsights_skip_tracking":false,"_monsterinsights_sitenote_active":false,"_monsterinsights_sitenote_note":"","_monsterinsights_sitenote_category":0,"footnotes":""},"class_list":["post-324","page","type-page","status-publish","hentry"],"aioseo_notices":[],"_links":{"self":[{"href":"https:\/\/gromatic.hr\/index.php\/wp-json\/wp\/v2\/pages\/324","targetHints":{"allow":["GET"]}}],"collection":[{"href":"https:\/\/gromatic.hr\/index.php\/wp-json\/wp\/v2\/pages"}],"about":[{"href":"https:\/\/gromatic.hr\/index.php\/wp-json\/wp\/v2\/types\/page"}],"author":[{"embeddable":true,"href":"https:\/\/gromatic.hr\/index.php\/wp-json\/wp\/v2\/users\/1"}],"replies":[{"embeddable":true,"href":"https:\/\/gromatic.hr\/index.php\/wp-json\/wp\/v2\/comments?post=324"}],"version-history":[{"count":6,"href":"https:\/\/gromatic.hr\/index.php\/wp-json\/wp\/v2\/pages\/324\/revisions"}],"predecessor-version":[{"id":539,"href":"https:\/\/gromatic.hr\/index.php\/wp-json\/wp\/v2\/pages\/324\/revisions\/539"}],"wp:attachment":[{"href":"https:\/\/gromatic.hr\/index.php\/wp-json\/wp\/v2\/media?parent=324"}],"curies":[{"name":"wp","href":"https:\/\/api.w.org\/{rel}","templated":true}]}}