{"id":355,"date":"2025-03-28T09:55:24","date_gmt":"2025-03-28T09:55:24","guid":{"rendered":"https:\/\/gromatic.hr\/novi\/?page_id=355"},"modified":"2025-04-02T11:06:16","modified_gmt":"2025-04-02T11:06:16","slug":"geodetska-podloga","status":"publish","type":"page","link":"https:\/\/gromatic.hr\/index.php\/geodetska-podloga\/","title":{"rendered":"Geodetska podloga"},"content":{"rendered":"<p>[et_pb_section fb_built=&#8221;1&#8243; _builder_version=&#8221;4.27.4&#8243; _module_preset=&#8221;default&#8221; global_colors_info=&#8221;{}&#8221;][et_pb_row use_custom_gutter=&#8221;on&#8221; gutter_width=&#8221;2&#8243; make_equal=&#8221;on&#8221; _builder_version=&#8221;4.27.4&#8243; _module_preset=&#8221;default&#8221; width=&#8221;65%&#8221; max_width=&#8221;100%&#8221; global_colors_info=&#8221;{}&#8221;][et_pb_column type=&#8221;4_4&#8243; _builder_version=&#8221;4.27.4&#8243; _module_preset=&#8221;default&#8221; global_colors_info=&#8221;{}&#8221;][et_pb_text _builder_version=&#8221;4.27.4&#8243; _module_preset=&#8221;default&#8221; header_2_font=&#8221;||||||||&#8221; global_colors_info=&#8221;{}&#8221;]<\/p>\n<h2>Geodetska podloga za situacije gra\u0111evina i zahvata u prostoru<\/h2>\n<p>Geodetska podloga obuhva\u0107a izmjeru terena koja slu\u017ei kao temelj za izradu polo\u017eajnog i visinskog prikaza terena u odre\u0111enom mjerilu, preklopljenog\/uklopljenog na katastarski plan. Na podloge se ucrtava novoprojektirana infrastruktura i zona obuhvata zahvata u prostoru, a one slu\u017ee kao temelj prilikom projektiranja novih ili rekonstrukcije postoje\u0107ih linijskih objekata.<\/p>\n<p>[\/et_pb_text][\/et_pb_column][\/et_pb_row][et_pb_row _builder_version=&#8221;4.27.4&#8243; _module_preset=&#8221;default&#8221; global_colors_info=&#8221;{}&#8221;][et_pb_column type=&#8221;4_4&#8243; _builder_version=&#8221;4.27.4&#8243; _module_preset=&#8221;default&#8221; global_colors_info=&#8221;{}&#8221;][et_pb_image src=&#8221;https:\/\/gromatic.hr\/wp-content\/uploads\/2025\/04\/GEOD_PODLOGA_ortofoto.webp&#8221; title_text=&#8221;GEOD_PODLOGA_ortofoto&#8221; _builder_version=&#8221;4.27.4&#8243; _module_preset=&#8221;default&#8221; hover_enabled=&#8221;0&#8243; global_colors_info=&#8221;{}&#8221; sticky_enabled=&#8221;0&#8243;][\/et_pb_image][\/et_pb_column][\/et_pb_row][\/et_pb_section]<\/p>\n","protected":false},"excerpt":{"rendered":"<p>Geodetska podloga za situacije gra\u0111evina i zahvata u prostoru Geodetska podloga obuhva\u0107a izmjeru terena koja slu\u017ei kao temelj za izradu polo\u017eajnog i visinskog prikaza terena u odre\u0111enom mjerilu, preklopljenog\/uklopljenog na katastarski plan. Na podloge se ucrtava novoprojektirana infrastruktura i zona obuhvata zahvata u prostoru, a one slu\u017ee kao temelj prilikom projektiranja novih ili rekonstrukcije postoje\u0107ih [&hellip;]<\/p>\n","protected":false},"author":1,"featured_media":0,"parent":0,"menu_order":0,"comment_status":"closed","ping_status":"closed","template":"","meta":{"_et_pb_use_builder":"on","_et_pb_old_content":"","_et_gb_content_width":"","om_disable_all_campaigns":false,"_monsterinsights_skip_tracking":false,"_monsterinsights_sitenote_active":false,"_monsterinsights_sitenote_note":"","_monsterinsights_sitenote_category":0,"footnotes":""},"class_list":["post-355","page","type-page","status-publish","hentry"],"aioseo_notices":[],"_links":{"self":[{"href":"https:\/\/gromatic.hr\/index.php\/wp-json\/wp\/v2\/pages\/355","targetHints":{"allow":["GET"]}}],"collection":[{"href":"https:\/\/gromatic.hr\/index.php\/wp-json\/wp\/v2\/pages"}],"about":[{"href":"https:\/\/gromatic.hr\/index.php\/wp-json\/wp\/v2\/types\/page"}],"author":[{"embeddable":true,"href":"https:\/\/gromatic.hr\/index.php\/wp-json\/wp\/v2\/users\/1"}],"replies":[{"embeddable":true,"href":"https:\/\/gromatic.hr\/index.php\/wp-json\/wp\/v2\/comments?post=355"}],"version-history":[{"count":4,"href":"https:\/\/gromatic.hr\/index.php\/wp-json\/wp\/v2\/pages\/355\/revisions"}],"predecessor-version":[{"id":543,"href":"https:\/\/gromatic.hr\/index.php\/wp-json\/wp\/v2\/pages\/355\/revisions\/543"}],"wp:attachment":[{"href":"https:\/\/gromatic.hr\/index.php\/wp-json\/wp\/v2\/media?parent=355"}],"curies":[{"name":"wp","href":"https:\/\/api.w.org\/{rel}","templated":true}]}}