{"id":361,"date":"2025-03-28T10:26:19","date_gmt":"2025-03-28T10:26:19","guid":{"rendered":"https:\/\/gromatic.hr\/novi\/?page_id=361"},"modified":"2025-04-02T11:16:00","modified_gmt":"2025-04-02T11:16:00","slug":"identifikacija-nekretnina","status":"publish","type":"page","link":"https:\/\/gromatic.hr\/index.php\/identifikacija-nekretnina\/","title":{"rendered":"Identifikacija nekretnina"},"content":{"rendered":"<p>[et_pb_section fb_built=&#8221;1&#8243; _builder_version=&#8221;4.27.4&#8243; _module_preset=&#8221;default&#8221; global_colors_info=&#8221;{}&#8221;][\/et_pb_section][et_pb_section fb_built=&#8221;1&#8243; _builder_version=&#8221;4.27.4&#8243; _module_preset=&#8221;default&#8221; global_colors_info=&#8221;{}&#8221;][et_pb_row use_custom_gutter=&#8221;on&#8221; gutter_width=&#8221;2&#8243; make_equal=&#8221;on&#8221; _builder_version=&#8221;4.27.4&#8243; _module_preset=&#8221;default&#8221; width=&#8221;65%&#8221; max_width=&#8221;100%&#8221; global_colors_info=&#8221;{}&#8221;][et_pb_column type=&#8221;4_4&#8243; _builder_version=&#8221;4.27.4&#8243; _module_preset=&#8221;default&#8221; global_colors_info=&#8221;{}&#8221;][et_pb_text _builder_version=&#8221;4.27.4&#8243; _module_preset=&#8221;default&#8221; header_2_font=&#8221;||||||||&#8221; custom_padding=&#8221;5px|||||&#8221; global_colors_info=&#8221;{}&#8221;]<\/p>\n<h2>Identifikacija nekretnina<\/h2>\n<p>Identifikacija nekretnina predstavlja postupak kontrole i usporedbe zemlji\u0161ta u naravi s pripadaju\u0107im podacima katastarske \u010destice u katastarskom operatu i zemlji\u0161noj knjizi. U nekim slu\u010dajevima, vlasnici ne znaju polo\u017eaj, veli\u010dinu i oblik svojih katastarskih \u010destica, iako im je poznat njihov broj i katastarska op\u0107ina.<br \/>U takvim situacijama geodet temeljem katastarskih i zemlji\u0161noknji\u017enjih podataka polo\u017eajno identificira i pokazuje katastarsku \u010desticu u naravi.<br \/>Suprotan je pak slu\u010daj kada je vlasniku nekretnine poznat njen polo\u017eaj i veli\u010dina u naravi, ali su mu nepoznati podaci pod kojima se \u010destica vodi u katastarskom operatu i zemlji\u0161noj knjizi. Tada geodet izlazi na teren te snima i prikuplja podatke o \u010destici u naravi, a zatim te podatke uspore\u0111uje s katastarskim operatom i zemlji\u0161nom knjigom na temelju \u010dega dolazi do identifikacije predmetne nekretnine.<br \/>Tako\u0111er, \u010dlanovi na\u0161eg stru\u010dnog tima izlaze na teren u svojstvu sudskih vje\u0161taka za geodeziju prilikom identifikacije nekretnina u zemlji\u0161no-knji\u017enim ispravnim postupcima.<br \/>Od Vas se kao vlasnika nekretnina o\u010dekuje, a i u Va\u0161em je interesu, da znate gdje se one nalaze, te kako se vode u katastarskom operatu i zemlji\u0161noj knjizi!<\/p>\n<p>[\/et_pb_text][\/et_pb_column][\/et_pb_row][et_pb_row _builder_version=&#8221;4.27.4&#8243; _module_preset=&#8221;default&#8221; global_colors_info=&#8221;{}&#8221;][et_pb_column type=&#8221;4_4&#8243; _builder_version=&#8221;4.27.4&#8243; _module_preset=&#8221;default&#8221; global_colors_info=&#8221;{}&#8221;][et_pb_image src=&#8221;https:\/\/gromatic.hr\/wp-content\/uploads\/2025\/04\/IDENTIFIKACIJA_ortofoto.webp&#8221; title_text=&#8221;IDENTIFIKACIJA_ortofoto&#8221; _builder_version=&#8221;4.27.4&#8243; _module_preset=&#8221;default&#8221; hover_enabled=&#8221;0&#8243; global_colors_info=&#8221;{}&#8221; sticky_enabled=&#8221;0&#8243;][\/et_pb_image][\/et_pb_column][\/et_pb_row][\/et_pb_section]<\/p>\n","protected":false},"excerpt":{"rendered":"<p>Identifikacija nekretnina Identifikacija nekretnina predstavlja postupak kontrole i usporedbe zemlji\u0161ta u naravi s pripadaju\u0107im podacima katastarske \u010destice u katastarskom operatu i zemlji\u0161noj knjizi. U nekim slu\u010dajevima, vlasnici ne znaju polo\u017eaj, veli\u010dinu i oblik svojih katastarskih \u010destica, iako im je poznat njihov broj i katastarska op\u0107ina.U takvim situacijama geodet temeljem katastarskih i zemlji\u0161noknji\u017enjih podataka polo\u017eajno identificira [&hellip;]<\/p>\n","protected":false},"author":1,"featured_media":0,"parent":0,"menu_order":0,"comment_status":"closed","ping_status":"closed","template":"","meta":{"_et_pb_use_builder":"on","_et_pb_old_content":"","_et_gb_content_width":"","om_disable_all_campaigns":false,"_monsterinsights_skip_tracking":false,"_monsterinsights_sitenote_active":false,"_monsterinsights_sitenote_note":"","_monsterinsights_sitenote_category":0,"footnotes":""},"class_list":["post-361","page","type-page","status-publish","hentry"],"aioseo_notices":[],"_links":{"self":[{"href":"https:\/\/gromatic.hr\/index.php\/wp-json\/wp\/v2\/pages\/361","targetHints":{"allow":["GET"]}}],"collection":[{"href":"https:\/\/gromatic.hr\/index.php\/wp-json\/wp\/v2\/pages"}],"about":[{"href":"https:\/\/gromatic.hr\/index.php\/wp-json\/wp\/v2\/types\/page"}],"author":[{"embeddable":true,"href":"https:\/\/gromatic.hr\/index.php\/wp-json\/wp\/v2\/users\/1"}],"replies":[{"embeddable":true,"href":"https:\/\/gromatic.hr\/index.php\/wp-json\/wp\/v2\/comments?post=361"}],"version-history":[{"count":4,"href":"https:\/\/gromatic.hr\/index.php\/wp-json\/wp\/v2\/pages\/361\/revisions"}],"predecessor-version":[{"id":552,"href":"https:\/\/gromatic.hr\/index.php\/wp-json\/wp\/v2\/pages\/361\/revisions\/552"}],"wp:attachment":[{"href":"https:\/\/gromatic.hr\/index.php\/wp-json\/wp\/v2\/media?parent=361"}],"curies":[{"name":"wp","href":"https:\/\/api.w.org\/{rel}","templated":true}]}}