{"id":368,"date":"2025-03-28T10:30:31","date_gmt":"2025-03-28T10:30:31","guid":{"rendered":"https:\/\/gromatic.hr\/novi\/?page_id=368"},"modified":"2025-04-02T11:16:48","modified_gmt":"2025-04-02T11:16:48","slug":"elaborat-iskolcenja","status":"publish","type":"page","link":"https:\/\/gromatic.hr\/index.php\/elaborat-iskolcenja\/","title":{"rendered":"Elaborat iskol\u010denja"},"content":{"rendered":"<p>[et_pb_section fb_built=&#8221;1&#8243; _builder_version=&#8221;4.27.4&#8243; _module_preset=&#8221;default&#8221; global_colors_info=&#8221;{}&#8221;][et_pb_row use_custom_gutter=&#8221;on&#8221; gutter_width=&#8221;2&#8243; make_equal=&#8221;on&#8221; _builder_version=&#8221;4.27.4&#8243; _module_preset=&#8221;default&#8221; width=&#8221;65%&#8221; max_width=&#8221;100%&#8221; global_colors_info=&#8221;{}&#8221;][et_pb_column type=&#8221;4_4&#8243; _builder_version=&#8221;4.27.4&#8243; _module_preset=&#8221;default&#8221; global_colors_info=&#8221;{}&#8221;][et_pb_text _builder_version=&#8221;4.27.4&#8243; _module_preset=&#8221;default&#8221; header_2_font=&#8221;||||||||&#8221; custom_padding=&#8221;0px|||||&#8221; global_colors_info=&#8221;{}&#8221;]<\/p>\n<h2>Elaborat iskol\u010denja<\/h2>\n<p>Iskol\u010denje objekta je geodetska usluga koja uklju\u010duje preno\u0161enje dimenzija, polo\u017eaja i visina to\u010daka objekta definiranog projektom na teren, nakon \u010dega se izra\u0111uje izvje\u0161\u0107e o obavljenim radovima ili elaborat iskol\u010denja. Postupak iskol\u010denja izvodi se za gra\u0111evinske i infrastrukturne objekte, me\u0111ne linije katastarskih \u010destica i drugo.<br \/>Kod iskol\u010denja me\u0111a potrebno je najprije snimiti stanje u naravi i uklopiti ga u katastarski plan, u svrhu ispravnog smje\u0161tanja predmetne katastarske \u010destice u prostoru.<br \/>Kod iskol\u010denja gra\u0111evina i infrastrukturnih objekata, nu\u017eno je pribaviti digitalne podatke o projektu, kako bi se polo\u017eajno i visinski vjerno prenio na teren.<\/p>\n<p>[\/et_pb_text][\/et_pb_column][\/et_pb_row][et_pb_row _builder_version=&#8221;4.27.4&#8243; _module_preset=&#8221;default&#8221; global_colors_info=&#8221;{}&#8221;][et_pb_column type=&#8221;4_4&#8243; _builder_version=&#8221;4.27.4&#8243; _module_preset=&#8221;default&#8221; global_colors_info=&#8221;{}&#8221;][et_pb_image src=&#8221;https:\/\/gromatic.hr\/wp-content\/uploads\/2025\/04\/ISKOLCENJE_skica.webp&#8221; title_text=&#8221;ISKOLCENJE_skica&#8221; _builder_version=&#8221;4.27.4&#8243; _module_preset=&#8221;default&#8221; hover_enabled=&#8221;0&#8243; global_colors_info=&#8221;{}&#8221; sticky_enabled=&#8221;0&#8243;][\/et_pb_image][\/et_pb_column][\/et_pb_row][\/et_pb_section]<\/p>\n","protected":false},"excerpt":{"rendered":"<p>Elaborat iskol\u010denja Iskol\u010denje objekta je geodetska usluga koja uklju\u010duje preno\u0161enje dimenzija, polo\u017eaja i visina to\u010daka objekta definiranog projektom na teren, nakon \u010dega se izra\u0111uje izvje\u0161\u0107e o obavljenim radovima ili elaborat iskol\u010denja. Postupak iskol\u010denja izvodi se za gra\u0111evinske i infrastrukturne objekte, me\u0111ne linije katastarskih \u010destica i drugo.Kod iskol\u010denja me\u0111a potrebno je najprije snimiti stanje u naravi [&hellip;]<\/p>\n","protected":false},"author":1,"featured_media":0,"parent":0,"menu_order":0,"comment_status":"closed","ping_status":"closed","template":"","meta":{"_et_pb_use_builder":"on","_et_pb_old_content":"","_et_gb_content_width":"","om_disable_all_campaigns":false,"_monsterinsights_skip_tracking":false,"_monsterinsights_sitenote_active":false,"_monsterinsights_sitenote_note":"","_monsterinsights_sitenote_category":0,"footnotes":""},"class_list":["post-368","page","type-page","status-publish","hentry"],"aioseo_notices":[],"_links":{"self":[{"href":"https:\/\/gromatic.hr\/index.php\/wp-json\/wp\/v2\/pages\/368","targetHints":{"allow":["GET"]}}],"collection":[{"href":"https:\/\/gromatic.hr\/index.php\/wp-json\/wp\/v2\/pages"}],"about":[{"href":"https:\/\/gromatic.hr\/index.php\/wp-json\/wp\/v2\/types\/page"}],"author":[{"embeddable":true,"href":"https:\/\/gromatic.hr\/index.php\/wp-json\/wp\/v2\/users\/1"}],"replies":[{"embeddable":true,"href":"https:\/\/gromatic.hr\/index.php\/wp-json\/wp\/v2\/comments?post=368"}],"version-history":[{"count":5,"href":"https:\/\/gromatic.hr\/index.php\/wp-json\/wp\/v2\/pages\/368\/revisions"}],"predecessor-version":[{"id":553,"href":"https:\/\/gromatic.hr\/index.php\/wp-json\/wp\/v2\/pages\/368\/revisions\/553"}],"wp:attachment":[{"href":"https:\/\/gromatic.hr\/index.php\/wp-json\/wp\/v2\/media?parent=368"}],"curies":[{"name":"wp","href":"https:\/\/api.w.org\/{rel}","templated":true}]}}