{"id":376,"date":"2025-03-28T10:35:06","date_gmt":"2025-03-28T10:35:06","guid":{"rendered":"https:\/\/gromatic.hr\/novi\/?page_id=376"},"modified":"2025-04-02T11:17:39","modified_gmt":"2025-04-02T11:17:39","slug":"pomaci-i-deformacije","status":"publish","type":"page","link":"https:\/\/gromatic.hr\/index.php\/pomaci-i-deformacije\/","title":{"rendered":"Pomaci i deformacije"},"content":{"rendered":"<p>[et_pb_section fb_built=&#8221;1&#8243; _builder_version=&#8221;4.27.4&#8243; _module_preset=&#8221;default&#8221; global_colors_info=&#8221;{}&#8221;][\/et_pb_section][et_pb_section fb_built=&#8221;1&#8243; _builder_version=&#8221;4.27.4&#8243; _module_preset=&#8221;default&#8221; global_colors_info=&#8221;{}&#8221;][et_pb_row use_custom_gutter=&#8221;on&#8221; gutter_width=&#8221;2&#8243; make_equal=&#8221;on&#8221; _builder_version=&#8221;4.27.4&#8243; _module_preset=&#8221;default&#8221; width=&#8221;65%&#8221; max_width=&#8221;100%&#8221; global_colors_info=&#8221;{}&#8221;][et_pb_column type=&#8221;4_4&#8243; _builder_version=&#8221;4.27.4&#8243; _module_preset=&#8221;default&#8221; global_colors_info=&#8221;{}&#8221;][et_pb_text _builder_version=&#8221;4.27.4&#8243; _module_preset=&#8221;default&#8221; header_2_font=&#8221;||||||||&#8221; global_colors_info=&#8221;{}&#8221;]<\/p>\n<h2>Pomaci i deformacije<\/h2>\n<p>Pod raznim vanjskim, mehani\u010dkim i prirodnim utjecajima, dolazi do polo\u017eajne i visinske promjene u nekom vremenskom periodu na prirodnom ili izgra\u0111enom objektu.<br \/>Takva promjena naziva se pomakom, a kao rezultat pomaka mo\u017ee do\u0107i do deformacija na objektu i njegovom okoli\u0161u. Pod pojmom deformacije podrazumijevaju se sve zna\u010dajne promjene stanja koje se doga\u0111aju na objektu ili u njegovoj okolini. Pra\u0107enje pomaka i deformacija obavlja se visokopreciznim geodetskim mjernim metodama, u svrhu osiguranja od mogu\u0107ih iznenadnih pojava i o\u0161te\u0107enja na objektima te za\u0161tite okoli\u0161a od potencijalnih \u0161teta i katastrofa uzrokovanih takvim nestabilnostima.<br \/>Stvarno pona\u0161anje objekta mo\u017ee se utvrditi samo kvalitetno izvedenim opa\u017eanjima i stru\u010dnom analizom i obradom podataka, \u0161to omogu\u0107uje prevenciju potencijalnih kriznih situacija i \u0161tete.<\/p>\n<p>[\/et_pb_text][\/et_pb_column][\/et_pb_row][et_pb_row _builder_version=&#8221;4.27.4&#8243; _module_preset=&#8221;default&#8221; global_colors_info=&#8221;{}&#8221;][et_pb_column type=&#8221;4_4&#8243; _builder_version=&#8221;4.27.4&#8243; _module_preset=&#8221;default&#8221; global_colors_info=&#8221;{}&#8221;][et_pb_image src=&#8221;https:\/\/gromatic.hr\/wp-content\/uploads\/2025\/04\/POMACI_reziduali.webp&#8221; title_text=&#8221;POMACI_reziduali&#8221; _builder_version=&#8221;4.27.4&#8243; _module_preset=&#8221;default&#8221; global_colors_info=&#8221;{}&#8221;][\/et_pb_image][\/et_pb_column][\/et_pb_row][\/et_pb_section]<\/p>\n","protected":false},"excerpt":{"rendered":"<p>Pomaci i deformacije Pod raznim vanjskim, mehani\u010dkim i prirodnim utjecajima, dolazi do polo\u017eajne i visinske promjene u nekom vremenskom periodu na prirodnom ili izgra\u0111enom objektu.Takva promjena naziva se pomakom, a kao rezultat pomaka mo\u017ee do\u0107i do deformacija na objektu i njegovom okoli\u0161u. Pod pojmom deformacije podrazumijevaju se sve zna\u010dajne promjene stanja koje se doga\u0111aju na [&hellip;]<\/p>\n","protected":false},"author":1,"featured_media":0,"parent":0,"menu_order":0,"comment_status":"closed","ping_status":"closed","template":"","meta":{"_et_pb_use_builder":"on","_et_pb_old_content":"","_et_gb_content_width":"","om_disable_all_campaigns":false,"_monsterinsights_skip_tracking":false,"_monsterinsights_sitenote_active":false,"_monsterinsights_sitenote_note":"","_monsterinsights_sitenote_category":0,"footnotes":""},"class_list":["post-376","page","type-page","status-publish","hentry"],"aioseo_notices":[],"_links":{"self":[{"href":"https:\/\/gromatic.hr\/index.php\/wp-json\/wp\/v2\/pages\/376","targetHints":{"allow":["GET"]}}],"collection":[{"href":"https:\/\/gromatic.hr\/index.php\/wp-json\/wp\/v2\/pages"}],"about":[{"href":"https:\/\/gromatic.hr\/index.php\/wp-json\/wp\/v2\/types\/page"}],"author":[{"embeddable":true,"href":"https:\/\/gromatic.hr\/index.php\/wp-json\/wp\/v2\/users\/1"}],"replies":[{"embeddable":true,"href":"https:\/\/gromatic.hr\/index.php\/wp-json\/wp\/v2\/comments?post=376"}],"version-history":[{"count":5,"href":"https:\/\/gromatic.hr\/index.php\/wp-json\/wp\/v2\/pages\/376\/revisions"}],"predecessor-version":[{"id":554,"href":"https:\/\/gromatic.hr\/index.php\/wp-json\/wp\/v2\/pages\/376\/revisions\/554"}],"wp:attachment":[{"href":"https:\/\/gromatic.hr\/index.php\/wp-json\/wp\/v2\/media?parent=376"}],"curies":[{"name":"wp","href":"https:\/\/api.w.org\/{rel}","templated":true}]}}