{"id":386,"date":"2025-03-28T10:46:52","date_gmt":"2025-03-28T10:46:52","guid":{"rendered":"https:\/\/gromatic.hr\/novi\/?page_id=386"},"modified":"2025-04-02T11:18:55","modified_gmt":"2025-04-02T11:18:55","slug":"evidentiranje-izvedenog-stanja-ceste","status":"publish","type":"page","link":"https:\/\/gromatic.hr\/index.php\/evidentiranje-izvedenog-stanja-ceste\/","title":{"rendered":"Evidentiranje izvedenog stanja ceste"},"content":{"rendered":"<p>[et_pb_section fb_built=&#8221;1&#8243; _builder_version=&#8221;4.27.4&#8243; _module_preset=&#8221;default&#8221; global_colors_info=&#8221;{}&#8221;][et_pb_row use_custom_gutter=&#8221;on&#8221; gutter_width=&#8221;2&#8243; make_equal=&#8221;on&#8221; _builder_version=&#8221;4.27.4&#8243; _module_preset=&#8221;default&#8221; width=&#8221;65%&#8221; max_width=&#8221;100%&#8221; global_colors_info=&#8221;{}&#8221;][et_pb_column type=&#8221;4_4&#8243; _builder_version=&#8221;4.27.4&#8243; _module_preset=&#8221;default&#8221; global_colors_info=&#8221;{}&#8221;][et_pb_text _builder_version=&#8221;4.27.4&#8243; _module_preset=&#8221;default&#8221; header_2_font=&#8221;||||||||&#8221; custom_padding=&#8221;0px|||||&#8221; global_colors_info=&#8221;{}&#8221;]<\/p>\n<h2>Evidentiranje izvedenog stanja ceste<\/h2>\n<p>U Republici Hrvatskoj danas jo\u0161 uvijek postoji zna\u010dajan broj javnih i nerazvrstanih cesta koje nisu ispravno evidentirane u katastarskom operatu i zemlji\u0161nim knjigama. Kako bi se takva cesta mogla upisati u zemlji\u0161ne knjige kao javno dobro u op\u0107oj upotrebi i vlasni\u0161tvo Republike Hrvatske odnosno jedinice lokalne samouprave, potrebno je ovisno o stanju ceste u naravi i stanju katastarskog operata, izraditi geodetski snimak izvedenog stanja ili geodetski elaborat izvedenog stanja.<\/p>\n<p>Evidentiranje izvedenog stanja ceste provodi se na temelju odgovaraju\u0107e odluke o razvrstavanju ceste, a koja je obavezni dio dokumentacije uz geodetski snimak ili elaborat, kao i o\u010ditovanje upravitelja javne ceste, odnosno nositelja prava na predmetnoj nerazvrstanoj cesti.<\/p>\n<p>[\/et_pb_text][\/et_pb_column][\/et_pb_row][et_pb_row _builder_version=&#8221;4.27.4&#8243; _module_preset=&#8221;default&#8221; global_colors_info=&#8221;{}&#8221;][et_pb_column type=&#8221;4_4&#8243; _builder_version=&#8221;4.27.4&#8243; _module_preset=&#8221;default&#8221; global_colors_info=&#8221;{}&#8221;][et_pb_image src=&#8221;https:\/\/gromatic.hr\/wp-content\/uploads\/2025\/04\/EVIDENTIRANJE-STVARNOG-STANJA-CESTE.webp&#8221; title_text=&#8221;EVIDENTIRANJE-STVARNOG-STANJA-CESTE&#8221; _builder_version=&#8221;4.27.4&#8243; _module_preset=&#8221;default&#8221; hover_enabled=&#8221;0&#8243; global_colors_info=&#8221;{}&#8221; sticky_enabled=&#8221;0&#8243;][\/et_pb_image][\/et_pb_column][\/et_pb_row][\/et_pb_section]<\/p>\n","protected":false},"excerpt":{"rendered":"<p>Evidentiranje izvedenog stanja ceste U Republici Hrvatskoj danas jo\u0161 uvijek postoji zna\u010dajan broj javnih i nerazvrstanih cesta koje nisu ispravno evidentirane u katastarskom operatu i zemlji\u0161nim knjigama. Kako bi se takva cesta mogla upisati u zemlji\u0161ne knjige kao javno dobro u op\u0107oj upotrebi i vlasni\u0161tvo Republike Hrvatske odnosno jedinice lokalne samouprave, potrebno je ovisno o [&hellip;]<\/p>\n","protected":false},"author":1,"featured_media":0,"parent":0,"menu_order":0,"comment_status":"closed","ping_status":"closed","template":"","meta":{"_et_pb_use_builder":"on","_et_pb_old_content":"","_et_gb_content_width":"","om_disable_all_campaigns":false,"_monsterinsights_skip_tracking":false,"_monsterinsights_sitenote_active":false,"_monsterinsights_sitenote_note":"","_monsterinsights_sitenote_category":0,"footnotes":""},"class_list":["post-386","page","type-page","status-publish","hentry"],"aioseo_notices":[],"_links":{"self":[{"href":"https:\/\/gromatic.hr\/index.php\/wp-json\/wp\/v2\/pages\/386","targetHints":{"allow":["GET"]}}],"collection":[{"href":"https:\/\/gromatic.hr\/index.php\/wp-json\/wp\/v2\/pages"}],"about":[{"href":"https:\/\/gromatic.hr\/index.php\/wp-json\/wp\/v2\/types\/page"}],"author":[{"embeddable":true,"href":"https:\/\/gromatic.hr\/index.php\/wp-json\/wp\/v2\/users\/1"}],"replies":[{"embeddable":true,"href":"https:\/\/gromatic.hr\/index.php\/wp-json\/wp\/v2\/comments?post=386"}],"version-history":[{"count":4,"href":"https:\/\/gromatic.hr\/index.php\/wp-json\/wp\/v2\/pages\/386\/revisions"}],"predecessor-version":[{"id":555,"href":"https:\/\/gromatic.hr\/index.php\/wp-json\/wp\/v2\/pages\/386\/revisions\/555"}],"wp:attachment":[{"href":"https:\/\/gromatic.hr\/index.php\/wp-json\/wp\/v2\/media?parent=386"}],"curies":[{"name":"wp","href":"https:\/\/api.w.org\/{rel}","templated":true}]}}