{"id":392,"date":"2025-03-28T10:56:52","date_gmt":"2025-03-28T10:56:52","guid":{"rendered":"https:\/\/gromatic.hr\/novi\/?page_id=392"},"modified":"2025-04-02T11:23:48","modified_gmt":"2025-04-02T11:23:48","slug":"projektna-dokumentacija","status":"publish","type":"page","link":"https:\/\/gromatic.hr\/index.php\/projektna-dokumentacija\/","title":{"rendered":"Projektna dokumentacija"},"content":{"rendered":"<p>[et_pb_section fb_built=&#8221;1&#8243; _builder_version=&#8221;4.27.4&#8243; _module_preset=&#8221;default&#8221; global_colors_info=&#8221;{}&#8221;][et_pb_row use_custom_gutter=&#8221;on&#8221; gutter_width=&#8221;2&#8243; make_equal=&#8221;on&#8221; _builder_version=&#8221;4.27.4&#8243; _module_preset=&#8221;default&#8221; width=&#8221;65%&#8221; max_width=&#8221;100%&#8221; global_colors_info=&#8221;{}&#8221;][et_pb_column type=&#8221;4_4&#8243; _builder_version=&#8221;4.27.4&#8243; _module_preset=&#8221;default&#8221; global_colors_info=&#8221;{}&#8221;][et_pb_text _builder_version=&#8221;4.27.4&#8243; _module_preset=&#8221;default&#8221; header_2_font=&#8221;||||||||&#8221; global_colors_info=&#8221;{}&#8221;]<\/p>\n<p>&nbsp;<\/p>\n<h2>Projektna dokumentacija<\/h2>\n<p>Za isho\u0111enje gra\u0111evinske dozvole potrebno je izraditi projektnu dokumentaciju, za \u0161to geodetski izvoditelj obavlja geodetsko snimanje terena te utvr\u0111uje potrebu izrade geodetskog elaborata.<\/p>\n<p>Prilikom isho\u0111enja gra\u0111evinske dozvole, investitori su obavezni ispuniti temeljne zahtjeve definirane Zakonom o gradnji i drugim propisima koji uvjetuju na\u010din gradnje. Na temelju izmjerom prikupljenih podataka, izra\u0111uje se projektna dokumentacija (geodetska situacija gra\u0111evne \u010destice i stvarnog stanja terena, popis koordinata lomnih to\u010daka gra\u0111evne \u010destice ili obuhvata zahvata), a po potrebi i geodetski elaborat. Navedene stavke \u010dine sastavne dijelove glavnog projekta za gra\u0111evinsku dozvolu.<\/p>\n<p>[\/et_pb_text][\/et_pb_column][\/et_pb_row][et_pb_row _builder_version=&#8221;4.27.4&#8243; _module_preset=&#8221;default&#8221; global_colors_info=&#8221;{}&#8221;][et_pb_column type=&#8221;4_4&#8243; _builder_version=&#8221;4.27.4&#8243; _module_preset=&#8221;default&#8221; global_colors_info=&#8221;{}&#8221;][et_pb_image src=&#8221;https:\/\/gromatic.hr\/wp-content\/uploads\/2025\/04\/projektna_DOKUMENTACIJA.webp&#8221; title_text=&#8221;projektna_DOKUMENTACIJA&#8221; _builder_version=&#8221;4.27.4&#8243; _module_preset=&#8221;default&#8221; hover_enabled=&#8221;0&#8243; global_colors_info=&#8221;{}&#8221; sticky_enabled=&#8221;0&#8243;][\/et_pb_image][\/et_pb_column][\/et_pb_row][\/et_pb_section]<\/p>\n","protected":false},"excerpt":{"rendered":"<p>&nbsp; Projektna dokumentacija Za isho\u0111enje gra\u0111evinske dozvole potrebno je izraditi projektnu dokumentaciju, za \u0161to geodetski izvoditelj obavlja geodetsko snimanje terena te utvr\u0111uje potrebu izrade geodetskog elaborata. Prilikom isho\u0111enja gra\u0111evinske dozvole, investitori su obavezni ispuniti temeljne zahtjeve definirane Zakonom o gradnji i drugim propisima koji uvjetuju na\u010din gradnje. Na temelju izmjerom prikupljenih podataka, izra\u0111uje se projektna [&hellip;]<\/p>\n","protected":false},"author":1,"featured_media":0,"parent":0,"menu_order":0,"comment_status":"closed","ping_status":"closed","template":"","meta":{"_et_pb_use_builder":"on","_et_pb_old_content":"","_et_gb_content_width":"","om_disable_all_campaigns":false,"_monsterinsights_skip_tracking":false,"_monsterinsights_sitenote_active":false,"_monsterinsights_sitenote_note":"","_monsterinsights_sitenote_category":0,"footnotes":""},"class_list":["post-392","page","type-page","status-publish","hentry"],"aioseo_notices":[],"_links":{"self":[{"href":"https:\/\/gromatic.hr\/index.php\/wp-json\/wp\/v2\/pages\/392","targetHints":{"allow":["GET"]}}],"collection":[{"href":"https:\/\/gromatic.hr\/index.php\/wp-json\/wp\/v2\/pages"}],"about":[{"href":"https:\/\/gromatic.hr\/index.php\/wp-json\/wp\/v2\/types\/page"}],"author":[{"embeddable":true,"href":"https:\/\/gromatic.hr\/index.php\/wp-json\/wp\/v2\/users\/1"}],"replies":[{"embeddable":true,"href":"https:\/\/gromatic.hr\/index.php\/wp-json\/wp\/v2\/comments?post=392"}],"version-history":[{"count":4,"href":"https:\/\/gromatic.hr\/index.php\/wp-json\/wp\/v2\/pages\/392\/revisions"}],"predecessor-version":[{"id":556,"href":"https:\/\/gromatic.hr\/index.php\/wp-json\/wp\/v2\/pages\/392\/revisions\/556"}],"wp:attachment":[{"href":"https:\/\/gromatic.hr\/index.php\/wp-json\/wp\/v2\/media?parent=392"}],"curies":[{"name":"wp","href":"https:\/\/api.w.org\/{rel}","templated":true}]}}