{"id":399,"date":"2025-03-28T11:01:48","date_gmt":"2025-03-28T11:01:48","guid":{"rendered":"https:\/\/gromatic.hr\/novi\/?page_id=399"},"modified":"2025-04-02T11:25:04","modified_gmt":"2025-04-02T11:25:04","slug":"snimanje-bespilotnom-letjelicom","status":"publish","type":"page","link":"https:\/\/gromatic.hr\/index.php\/snimanje-bespilotnom-letjelicom\/","title":{"rendered":"Snimanje bespilotnom letjelicom"},"content":{"rendered":"<p>[et_pb_section fb_built=&#8221;1&#8243; _builder_version=&#8221;4.27.4&#8243; _module_preset=&#8221;default&#8221; global_colors_info=&#8221;{}&#8221;][et_pb_row use_custom_gutter=&#8221;on&#8221; gutter_width=&#8221;2&#8243; make_equal=&#8221;on&#8221; _builder_version=&#8221;4.27.4&#8243; _module_preset=&#8221;default&#8221; width=&#8221;65%&#8221; max_width=&#8221;100%&#8221; global_colors_info=&#8221;{}&#8221;][et_pb_column type=&#8221;4_4&#8243; _builder_version=&#8221;4.27.4&#8243; _module_preset=&#8221;default&#8221; global_colors_info=&#8221;{}&#8221;][et_pb_text _builder_version=&#8221;4.27.4&#8243; _module_preset=&#8221;default&#8221; header_2_font=&#8221;||||||||&#8221; global_colors_info=&#8221;{}&#8221;]<\/p>\n<h2>Snimanje bespilotnom letjelicom<\/h2>\n<p>Moderne tehnologije omogu\u0107uju nam snimanje velikih podru\u010dja u kratkom vremenskom roku te olak\u0161avaju pristup i izmjeru te\u0161ko prohodnih i nepristupa\u010dnih podru\u010dja, kakvih je u Hrvatskoj mnogo. Planiranjem i definicijom podru\u010dja izmjere, odabirom pravog vremena i dobrih vremenskih uvjeta snimanja, mogu\u0107e je dobiti kvalitetne zra\u010dne snimke koje se obradom mogu pretvoriti u 3D prikaz, digitalni model terena, digitalni model reljefa, digitalni ortofoto, oblak to\u010daka ili geodetsku situaciju.<br \/>Va\u017eno je da klijent izrazi kakav proizvod treba i o\u010dekuje prilikom dogovora projekta, kako bismo sukladno tome izradili optimalan plan i pripremu za izmjeru, a naposljetku i dostavili kona\u010dan proizvod koji zadovoljava sve Va\u0161e kriterije.<\/p>\n<p>[\/et_pb_text][et_pb_image src=&#8221;https:\/\/gromatic.hr\/wp-content\/uploads\/2025\/04\/SNIMANJE_BESPILOTNOM.webp&#8221; title_text=&#8221;SNIMANJE_BESPILOTNOM&#8221; _builder_version=&#8221;4.27.4&#8243; _module_preset=&#8221;default&#8221; hover_enabled=&#8221;0&#8243; global_colors_info=&#8221;{}&#8221; sticky_enabled=&#8221;0&#8243;][\/et_pb_image][\/et_pb_column][\/et_pb_row][\/et_pb_section]<\/p>\n","protected":false},"excerpt":{"rendered":"<p>Snimanje bespilotnom letjelicom Moderne tehnologije omogu\u0107uju nam snimanje velikih podru\u010dja u kratkom vremenskom roku te olak\u0161avaju pristup i izmjeru te\u0161ko prohodnih i nepristupa\u010dnih podru\u010dja, kakvih je u Hrvatskoj mnogo. Planiranjem i definicijom podru\u010dja izmjere, odabirom pravog vremena i dobrih vremenskih uvjeta snimanja, mogu\u0107e je dobiti kvalitetne zra\u010dne snimke koje se obradom mogu pretvoriti u 3D [&hellip;]<\/p>\n","protected":false},"author":1,"featured_media":0,"parent":0,"menu_order":0,"comment_status":"closed","ping_status":"closed","template":"","meta":{"_et_pb_use_builder":"on","_et_pb_old_content":"","_et_gb_content_width":"","om_disable_all_campaigns":false,"_monsterinsights_skip_tracking":false,"_monsterinsights_sitenote_active":false,"_monsterinsights_sitenote_note":"","_monsterinsights_sitenote_category":0,"footnotes":""},"class_list":["post-399","page","type-page","status-publish","hentry"],"aioseo_notices":[],"_links":{"self":[{"href":"https:\/\/gromatic.hr\/index.php\/wp-json\/wp\/v2\/pages\/399","targetHints":{"allow":["GET"]}}],"collection":[{"href":"https:\/\/gromatic.hr\/index.php\/wp-json\/wp\/v2\/pages"}],"about":[{"href":"https:\/\/gromatic.hr\/index.php\/wp-json\/wp\/v2\/types\/page"}],"author":[{"embeddable":true,"href":"https:\/\/gromatic.hr\/index.php\/wp-json\/wp\/v2\/users\/1"}],"replies":[{"embeddable":true,"href":"https:\/\/gromatic.hr\/index.php\/wp-json\/wp\/v2\/comments?post=399"}],"version-history":[{"count":5,"href":"https:\/\/gromatic.hr\/index.php\/wp-json\/wp\/v2\/pages\/399\/revisions"}],"predecessor-version":[{"id":557,"href":"https:\/\/gromatic.hr\/index.php\/wp-json\/wp\/v2\/pages\/399\/revisions\/557"}],"wp:attachment":[{"href":"https:\/\/gromatic.hr\/index.php\/wp-json\/wp\/v2\/media?parent=399"}],"curies":[{"name":"wp","href":"https:\/\/api.w.org\/{rel}","templated":true}]}}