{"id":408,"date":"2025-03-28T11:08:06","date_gmt":"2025-03-28T11:08:06","guid":{"rendered":"https:\/\/gromatic.hr\/novi\/?page_id=408"},"modified":"2025-04-02T11:27:48","modified_gmt":"2025-04-02T11:27:48","slug":"webgis","status":"publish","type":"page","link":"https:\/\/gromatic.hr\/index.php\/webgis\/","title":{"rendered":"WebGIS"},"content":{"rendered":"<p>[et_pb_section fb_built=&#8221;1&#8243; _builder_version=&#8221;4.27.4&#8243; _module_preset=&#8221;default&#8221; global_colors_info=&#8221;{}&#8221;][et_pb_row use_custom_gutter=&#8221;on&#8221; gutter_width=&#8221;2&#8243; make_equal=&#8221;on&#8221; _builder_version=&#8221;4.27.4&#8243; _module_preset=&#8221;default&#8221; width=&#8221;65%&#8221; max_width=&#8221;100%&#8221; global_colors_info=&#8221;{}&#8221;][et_pb_column type=&#8221;4_4&#8243; _builder_version=&#8221;4.27.4&#8243; _module_preset=&#8221;default&#8221; global_colors_info=&#8221;{}&#8221;][et_pb_text _builder_version=&#8221;4.27.4&#8243; _module_preset=&#8221;default&#8221; header_2_font=&#8221;||||||||&#8221; global_colors_info=&#8221;{}&#8221;]<\/p>\n<h2>WebGIS<\/h2>\n<p>WebGIS &#8211; geografski informacijski sustav distribuiran putem internetskih tehnologija (<em>weba<\/em>), ujedinjuje klasi\u010dne prostorne informacije i kartografske alate s modernim tehnologijama komunikacije.<\/p>\n<p>Cilj sustava je interoperabilnost i analiza podataka sa stvarnom prostornom vezom, \u010dime se korisniku olak\u0161ava snala\u017eenje i razumijevanje odre\u0111enog podru\u010dja s razli\u010ditih aspekata. Naj\u010de\u0161\u0107e se radi o kombinaciji raznih izvora prostornih podataka;<\/p>\n<p>&#8211; baze podataka,<br \/>&#8211; polo\u017eaja objekata i infrastrukture,<br \/>&#8211; uzoraka pona\u0161anja i kretanja,<br \/>&#8211; kompleksnih studija i drugih informacija vezanih uz prostor<\/p>\n<p>a koje se izla\u017eu na jednostavan i razumljiv na\u010din.<\/p>\n<p>Budu\u0107i da se ve\u0107inom radi o korisni\u010dki specijaliziranim primjenama, ovaj tip aplikacije jednostavan je za kori\u0161tenje i odr\u017eavanje. Velik broj korisnika mo\u017ee istovremeno neovisno pristupiti istoj aplikaciji, a a\u017euriranje podataka mnogo je jednostavnije budu\u0107i da se ona slu\u017ei s jednog mjesta \u2013 servera \u2013 svim korisnicima. Podaci su jedinstveno prikazani i jednako dostupni svim korisnicima, a potreban je samo pristup Internetu.<\/p>\n<p>Razvojem tehnologija i normi raste i zna\u010daj geoinformacija u modernom svijetu, a WebGIS aplikacije postaju sredstvo dana\u0161njice i nastavljaju se razvijati.<\/p>\n<p>&nbsp;<\/p>\n<p>[\/et_pb_text][\/et_pb_column][\/et_pb_row][et_pb_row _builder_version=&#8221;4.27.4&#8243; _module_preset=&#8221;default&#8221; global_colors_info=&#8221;{}&#8221;][et_pb_column type=&#8221;4_4&#8243; _builder_version=&#8221;4.27.4&#8243; _module_preset=&#8221;default&#8221; global_colors_info=&#8221;{}&#8221;][et_pb_image src=&#8221;https:\/\/gromatic.hr\/wp-content\/uploads\/2025\/04\/webgis1.webp&#8221; title_text=&#8221;webgis1&#8243; _builder_version=&#8221;4.27.4&#8243; _module_preset=&#8221;default&#8221; hover_enabled=&#8221;0&#8243; global_colors_info=&#8221;{}&#8221; sticky_enabled=&#8221;0&#8243;][\/et_pb_image][\/et_pb_column][\/et_pb_row][\/et_pb_section]<\/p>\n","protected":false},"excerpt":{"rendered":"<p>WebGIS WebGIS &#8211; geografski informacijski sustav distribuiran putem internetskih tehnologija (weba), ujedinjuje klasi\u010dne prostorne informacije i kartografske alate s modernim tehnologijama komunikacije. Cilj sustava je interoperabilnost i analiza podataka sa stvarnom prostornom vezom, \u010dime se korisniku olak\u0161ava snala\u017eenje i razumijevanje odre\u0111enog podru\u010dja s razli\u010ditih aspekata. Naj\u010de\u0161\u0107e se radi o kombinaciji raznih izvora prostornih podataka; &#8211; [&hellip;]<\/p>\n","protected":false},"author":1,"featured_media":0,"parent":0,"menu_order":0,"comment_status":"closed","ping_status":"closed","template":"","meta":{"_et_pb_use_builder":"on","_et_pb_old_content":"","_et_gb_content_width":"","om_disable_all_campaigns":false,"_monsterinsights_skip_tracking":false,"_monsterinsights_sitenote_active":false,"_monsterinsights_sitenote_note":"","_monsterinsights_sitenote_category":0,"footnotes":""},"class_list":["post-408","page","type-page","status-publish","hentry"],"aioseo_notices":[],"_links":{"self":[{"href":"https:\/\/gromatic.hr\/index.php\/wp-json\/wp\/v2\/pages\/408","targetHints":{"allow":["GET"]}}],"collection":[{"href":"https:\/\/gromatic.hr\/index.php\/wp-json\/wp\/v2\/pages"}],"about":[{"href":"https:\/\/gromatic.hr\/index.php\/wp-json\/wp\/v2\/types\/page"}],"author":[{"embeddable":true,"href":"https:\/\/gromatic.hr\/index.php\/wp-json\/wp\/v2\/users\/1"}],"replies":[{"embeddable":true,"href":"https:\/\/gromatic.hr\/index.php\/wp-json\/wp\/v2\/comments?post=408"}],"version-history":[{"count":4,"href":"https:\/\/gromatic.hr\/index.php\/wp-json\/wp\/v2\/pages\/408\/revisions"}],"predecessor-version":[{"id":558,"href":"https:\/\/gromatic.hr\/index.php\/wp-json\/wp\/v2\/pages\/408\/revisions\/558"}],"wp:attachment":[{"href":"https:\/\/gromatic.hr\/index.php\/wp-json\/wp\/v2\/media?parent=408"}],"curies":[{"name":"wp","href":"https:\/\/api.w.org\/{rel}","templated":true}]}}